{"id":711,"date":"2024-11-19T16:37:26","date_gmt":"2024-11-19T16:37:26","guid":{"rendered":"https:\/\/tipalma.com\/?page_id=711"},"modified":"2025-01-10T16:00:43","modified_gmt":"2025-01-10T16:00:43","slug":"quienes-somos","status":"publish","type":"page","link":"https:\/\/tipalma.com\/en\/quienes-somos\/","title":{"rendered":"Who we are"},"content":{"rendered":"<p>[et_pb_section fb_built=\u00bb1&#8243; custom_padding_last_edited=\u00bbon|phone\u00bb _builder_version=\u00bb4.27.2&#8243; _module_preset=\u00bbdefault\u00bb background_color=\u00bb#e8e8e9&#8243; custom_padding=\u00bb50px||40px||false|false\u00bb custom_padding_tablet=\u00bb40px||30px||false|false\u00bb custom_padding_phone=\u00bb40px||30px||false|false\u00bb global_colors_info=\u00bb{}\u00bb][et_pb_row _builder_version=\u00bb4.27.2&#8243; _module_preset=\u00bbdefault\u00bb custom_padding=\u00bb0px||0px||false|false\u00bb global_colors_info=\u00bb{}\u00bb][et_pb_column type=\u00bb4_4&#8243; _builder_version=\u00bb4.27.2&#8243; _module_preset=\u00bbdefault\u00bb global_colors_info=\u00bb{}\u00bb][et_pb_text _builder_version=\u00bb4.27.3&#8243; _dynamic_attributes=\u00bbcontent\u00bb _module_preset=\u00bbdefault\u00bb text_font=\u00bb|800|||||||\u00bb text_text_color=\u00bb#000000&#8243; text_font_size=\u00bb35px\u00bb text_line_height=\u00bb1.1em\u00bb text_orientation=\u00bbcenter\u00bb custom_margin=\u00bb||14px|||\u00bb text_font_size_tablet=\u00bb30px\u00bb text_font_size_phone=\u00bb25px\u00bb text_font_size_last_edited=\u00bbon|phone\u00bb global_colors_info=\u00bb{}\u00bb]@ET-DC@eyJkeW5hbWljIjp0cnVlLCJjb250ZW50IjoicG9zdF90aXRsZSIsInNldHRpbmdzIjp7ImJlZm9yZSI6IiIsImFmdGVyIjoiIn19@[\/et_pb_text][et_pb_divider divider_style=\u00bbdouble\u00bb divider_weight=\u00bb5px\u00bb _builder_version=\u00bb4.27.2&#8243; _module_preset=\u00bbdefault\u00bb width=\u00bb50px\u00bb module_alignment=\u00bbcenter\u00bb custom_margin=\u00bb0px||0px||false|false\u00bb custom_padding=\u00bb0px||0px||false|false\u00bb global_colors_info=\u00bb{}\u00bb][\/et_pb_divider][\/et_pb_column][\/et_pb_row][\/et_pb_section][et_pb_section fb_built=\u00bb1&#8243; _builder_version=\u00bb4.27.2&#8243; _module_preset=\u00bbdefault\u00bb custom_padding=\u00bb120px||120px||true|\u00bb global_colors_info=\u00bb{}\u00bb][et_pb_row _builder_version=\u00bb4.27.3&#8243; _module_preset=\u00bbdefault\u00bb width=\u00bb90%\u00bb custom_margin=\u00bb|auto|-3px|auto|false|false\u00bb animation_style=\u00bbfade\u00bb animation_delay=\u00bb500ms\u00bb custom_css_main_element=\u00bbdisplay: flex;||flex-direction: row;||align-items: center;\u00bb global_colors_info=\u00bb{}\u00bb custom_css_main_element_last_edited=\u00bbon|phone\u00bb custom_css_main_element_tablet=\u00bbdisplay: flex;||flex-direction: column;||align-items: center;\u00bb custom_css_main_element_phone=\u00bbdisplay: flex;||flex-direction: column;||align-items: center;\u00bb][et_pb_column type=\u00bb4_4&#8243; _builder_version=\u00bb4.27.2&#8243; _module_preset=\u00bbdefault\u00bb global_colors_info=\u00bb{}\u00bb][et_pb_video src=\u00bbhttps:\/\/youtu.be\/ZWjI8iVFmjs?si=l0Dz1u6v7n55HyJS\u00bb _builder_version=\u00bb4.27.3&#8243; _module_preset=\u00bbdefault\u00bb width=\u00bb80%\u00bb width_tablet=\u00bb80%\u00bb width_phone=\u00bb100%\u00bb width_last_edited=\u00bbon|phone\u00bb module_alignment=\u00bbcenter\u00bb global_colors_info=\u00bb{}\u00bb border_radii__hover_enabled=\u00bboff|desktop\u00bb][\/et_pb_video][et_pb_button button_url=\u00bbhttps:\/\/youtu.be\/NFrsTBlCp1w?si=Qlqxv-XJaMQpc8sS\u00bb url_new_window=\u00bbon\u00bb button_text=\u00bbEnglish version\u00bb button_alignment=\u00bbcenter\u00bb module_id=\u00bbdipi_popup_id_687&#8243; module_class=\u00bbdipi_popup_id_687&#8243; _builder_version=\u00bb4.27.4&#8243; _module_preset=\u00bbdefault\u00bb custom_button=\u00bbon\u00bb button_text_size=\u00bb16px\u00bb button_text_color=\u00bb#000000&#8243; button_bg_color=\u00bbRGBA(255,255,255,0)\u00bb button_border_color=\u00bb#000000&#8243; button_border_radius=\u00bb10px\u00bb button_font=\u00bb&#8211;et_global_heading_font|700|||||||\u00bb button_use_icon=\u00bboff\u00bb custom_margin=\u00bb35px||0px||false|false\u00bb custom_padding=\u00bb10px|20px|10px|20px|true|true\u00bb box_shadow_style=\u00bbpreset1&#8243; box_shadow_vertical=\u00bb0px\u00bb box_shadow_blur=\u00bb20px\u00bb box_shadow_color=\u00bbRGBA(255,255,255,0)\u00bb global_colors_info=\u00bb{}\u00bb box_shadow_color__hover_enabled=\u00bbon|desktop\u00bb box_shadow_color__hover=\u00bb#F1B538&#8243; button_bg_color__hover_enabled=\u00bbon|hover\u00bb button_bg_color__hover=\u00bb#000000&#8243; button_bg_enable_color__hover=\u00bbon\u00bb button_letter_spacing__hover=\u00bb0px\u00bb button_letter_spacing__hover_enabled=\u00bbon|hover\u00bb button_border_color__hover_enabled=\u00bbon|hover\u00bb button_text_color__hover_enabled=\u00bbon|desktop\u00bb button_text_color__hover=\u00bb#FFFFFF\u00bb button_border_color__hover=\u00bb#000000&#8243;][\/et_pb_button][\/et_pb_column][\/et_pb_row][et_pb_row column_structure=\u00bb3_4,1_4&#8243; module_id=\u00bbnosotros\u00bb _builder_version=\u00bb4.27.4&#8243; _module_preset=\u00bbdefault\u00bb width=\u00bb90%\u00bb custom_padding=\u00bb100px||0px||false|false\u00bb animation_style=\u00bbfade\u00bb animation_delay=\u00bb500ms\u00bb custom_css_main_element=\u00bbdisplay: flex;||flex-direction: row;||align-items: center;\u00bb global_colors_info=\u00bb{}\u00bb custom_css_main_element_last_edited=\u00bbon|phone\u00bb custom_css_main_element_tablet=\u00bbdisplay: flex;||flex-direction: row;||align-items: center;\u00bb custom_css_main_element_phone=\u00bbdisplay: flex;||flex-direction: column;\u00bb][et_pb_column type=\u00bb3_4&#8243; _builder_version=\u00bb4.27.3&#8243; _module_preset=\u00bbdefault\u00bb custom_padding_tablet=\u00bb|20px|||false|false\u00bb custom_padding_phone=\u00bb|0px|||false|false\u00bb custom_padding_last_edited=\u00bbon|phone\u00bb global_colors_info=\u00bb{}\u00bb][et_pb_text _builder_version=\u00bb4.27.3&#8243; _module_preset=\u00bbdefault\u00bb text_font=\u00bb|800|||||||\u00bb text_text_color=\u00bb#000000&#8243; text_font_size=\u00bb35px\u00bb text_line_height=\u00bb1.1em\u00bb text_orientation=\u00bbcenter\u00bb custom_margin=\u00bb||14px|||\u00bb text_font_size_tablet=\u00bb30px\u00bb text_font_size_phone=\u00bb25px\u00bb text_font_size_last_edited=\u00bbon|phone\u00bb global_colors_info=\u00bb{}\u00bb]<\/p>\n<p>Acerca de nosotros<\/p>\n<p>[\/et_pb_text][et_pb_divider divider_style=\u00bbdouble\u00bb divider_weight=\u00bb5px\u00bb _builder_version=\u00bb4.27.2&#8243; _module_preset=\u00bbdefault\u00bb width=\u00bb50px\u00bb module_alignment=\u00bbcenter\u00bb custom_margin=\u00bb0px||0px||false|false\u00bb custom_padding=\u00bb0px||0px||false|false\u00bb global_colors_info=\u00bb{}\u00bb][\/et_pb_divider][et_pb_text _builder_version=\u00bb4.27.4&#8243; _module_preset=\u00bbdefault\u00bb text_font=\u00bb||||||||\u00bb global_colors_info=\u00bb{}\u00bb]<\/p>\n<p style=\"font-weight: 400;\">Contamos con m\u00e1s de 56\u00a0a\u00f1os de permanencia en el mercado, ofreciendo a nuestros clientes un excelente servicio en dise\u00f1o y fabricaci\u00f3n de empaques. La experiencia adquirida durante estos a\u00f1os y la calidad humana de todo nuestro equipo nos ha permitido estar a la vanguardia y ser l\u00edderes en el mercado.\u00a0<\/p>\n<p style=\"font-weight: 400;\">Nos caracterizamos por realizar innovadoras propuestas de dise\u00f1o y materializarlas mediante procesos y tecnolog\u00eda de \u00faltima generaci\u00f3n.<\/p>\n<p>[\/et_pb_text][\/et_pb_column][et_pb_column type=\u00bb1_4&#8243; _builder_version=\u00bb4.27.2&#8243; _module_preset=\u00bbdefault\u00bb global_colors_info=\u00bb{}\u00bb][et_pb_image src=\u00bbhttps:\/\/tipalma.com\/wp-content\/uploads\/2024\/10\/JPG-Imagen-Tipalma-7.jpg\u00bb title_text=\u00bbJPG &#8211; Imagen &#8211; Tipalma (7)\u00bb _builder_version=\u00bb4.27.3&#8243; _module_preset=\u00bbdefault\u00bb border_radii=\u00bbon|25px|25px|25px|25px\u00bb global_colors_info=\u00bb{}\u00bb][\/et_pb_image][\/et_pb_column][\/et_pb_row][et_pb_row disabled_on=\u00bbon|on|off\u00bb admin_label=\u00bbBG DECOR\u00bb _builder_version=\u00bb4.24.2&#8243; _module_preset=\u00bbdefault\u00bb positioning=\u00bbabsolute\u00bb position_origin_a=\u00bbbottom_left\u00bb vertical_offset=\u00bb90px\u00bb width=\u00bb25%\u00bb max_width=\u00bb456px\u00bb custom_margin=\u00bb0px||0px||false|false\u00bb custom_padding=\u00bb0px||0px||false|false\u00bb global_colors_info=\u00bb{}\u00bb][et_pb_column type=\u00bb4_4&#8243; _builder_version=\u00bb4.24.2&#8243; _module_preset=\u00bbdefault\u00bb global_colors_info=\u00bb{}\u00bb][et_pb_image src=\u00bbhttps:\/\/tipalma.com\/wp-content\/uploads\/2024\/10\/business-consulting-6-byt-3.png\u00bb _builder_version=\u00bb4.27.2&#8243; _module_preset=\u00bbdefault\u00bb custom_margin=\u00bb0px|-3px|0px||false|false\u00bb custom_padding=\u00bb0px||0px||false|false\u00bb custom_css_main_element=\u00bbfilter: grayscale(100%);\u00bb global_colors_info=\u00bb{}\u00bb][\/et_pb_image][\/et_pb_column][\/et_pb_row][et_pb_row disabled_on=\u00bbon|on|off\u00bb admin_label=\u00bbBG DECOR\u00bb _builder_version=\u00bb4.27.2&#8243; _module_preset=\u00bbdefault\u00bb transform_rotate=\u00bb0deg|178deg|0deg\u00bb positioning=\u00bbabsolute\u00bb position_origin_a=\u00bbtop_right\u00bb width=\u00bb32%\u00bb max_width=\u00bb586px\u00bb custom_margin=\u00bb0px||0px||false|false\u00bb custom_padding=\u00bb0px||0px||false|false\u00bb global_colors_info=\u00bb{}\u00bb][et_pb_column type=\u00bb4_4&#8243; _builder_version=\u00bb4.24.2&#8243; _module_preset=\u00bbdefault\u00bb global_colors_info=\u00bb{}\u00bb][et_pb_image src=\u00bbhttps:\/\/tipalma.com\/wp-content\/uploads\/2024\/10\/business-consulting-6-byt-8.png\u00bb _builder_version=\u00bb4.27.2&#8243; _module_preset=\u00bbdefault\u00bb custom_margin=\u00bb0px||0px||false|false\u00bb custom_padding=\u00bb0px||0px||false|false\u00bb custom_css_main_element=\u00bb||filter: grayscale(100%);\u00bb global_colors_info=\u00bb{}\u00bb][\/et_pb_image][\/et_pb_column][\/et_pb_row][\/et_pb_section][et_pb_section fb_built=\u00bb1&#8243; custom_padding_last_edited=\u00bbon|phone\u00bb module_id=\u00bbproposito\u00bb _builder_version=\u00bb4.27.4&#8243; _module_preset=\u00bbdefault\u00bb use_background_color_gradient=\u00bbon\u00bb background_color_gradient_stops=\u00bbrgba(76,76,76,0.34) 0%|rgba(241,181,56,0.83) 100%\u00bb background_color_gradient_overlays_image=\u00bbon\u00bb background_image=\u00bbhttps:\/\/tipalma.com\/wp-content\/uploads\/2024\/11\/JPG-Imagen-Tipalma-26.jpg\u00bb background_position=\u00bbtop_right\u00bb background_horizontal_offset=\u00bb24%\u00bb background_vertical_offset=\u00bb26%\u00bb custom_margin=\u00bb0px||0px||false|false\u00bb custom_padding=\u00bb132px||132px||true|false\u00bb custom_padding_tablet=\u00bb90px||90px||false|false\u00bb custom_padding_phone=\u00bb90px||80px||false|false\u00bb global_colors_info=\u00bb{}\u00bb][et_pb_row _builder_version=\u00bb4.27.2&#8243; _module_preset=\u00bbdefault\u00bb width=\u00bb90%\u00bb custom_margin=\u00bb0px|auto|-4px|auto|false|false\u00bb custom_padding=\u00bb0px||0px||false|false\u00bb custom_css_main_element=\u00bbtext-align:center;\u00bb global_colors_info=\u00bb{}\u00bb][et_pb_column type=\u00bb4_4&#8243; _builder_version=\u00bb4.24.2&#8243; _module_preset=\u00bbdefault\u00bb global_colors_info=\u00bb{}\u00bb][et_pb_text _builder_version=\u00bb4.27.3&#8243; _module_preset=\u00bbdefault\u00bb text_font=\u00bb&#8211;et_global_body_font|700|||||||\u00bb text_text_color=\u00bb#000000&#8243; text_font_size=\u00bb30px\u00bb text_line_height=\u00bb1.6em\u00bb background_color=\u00bbrgba(255,255,255,0.45)\u00bb text_orientation=\u00bbcenter\u00bb custom_margin=\u00bb0px||35px||false|false\u00bb custom_padding=\u00bb7px|33px|7px|33px|false|false\u00bb text_font_size_tablet=\u00bb25px\u00bb text_font_size_phone=\u00bb22px\u00bb text_font_size_last_edited=\u00bbon|desktop\u00bb custom_css_main_element=\u00bbdisplay:inline-block;\u00bb border_radii=\u00bbon|100px|100px|100px|100px\u00bb border_width_all=\u00bb1px\u00bb border_color_all=\u00bb#cac5bc\u00bb global_colors_info=\u00bb{}\u00bb]<\/p>\n<p>Nuestro prop\u00f3sito<\/p>\n<p>[\/et_pb_text][et_pb_text _builder_version=\u00bb4.27.3&#8243; _module_preset=\u00bbdefault\u00bb text_font=\u00bb|800|||||||\u00bb text_text_color=\u00bb#FFFFFF\u00bb text_font_size=\u00bb30px\u00bb text_line_height=\u00bb1.1em\u00bb text_orientation=\u00bbcenter\u00bb text_font_size_tablet=\u00bb25px\u00bb text_font_size_phone=\u00bb20px\u00bb text_font_size_last_edited=\u00bbon|desktop\u00bb text_text_shadow_style=\u00bbpreset1&#8243; global_colors_info=\u00bb{}\u00bb]<\/p>\n<p>Entregar soluciones de imagen y diferenciaci\u00f3n que generen valor de forma sostenible, con un equipo humano altamente calificado y apasionado<\/p>\n<p>[\/et_pb_text][\/et_pb_column][\/et_pb_row][\/et_pb_section][et_pb_section fb_built=\u00bb1&#8243; module_id=\u00bbmision-vision\u00bb _builder_version=\u00bb4.27.4&#8243; _module_preset=\u00bbdefault\u00bb custom_padding=\u00bb120px||120px||true|\u00bb global_colors_info=\u00bb{}\u00bb][et_pb_row _builder_version=\u00bb4.27.3&#8243; _module_preset=\u00bbdefault\u00bb width=\u00bb90%\u00bb animation_style=\u00bbfade\u00bb animation_delay=\u00bb500ms\u00bb global_colors_info=\u00bb{}\u00bb][et_pb_column type=\u00bb4_4&#8243; _builder_version=\u00bb4.27.3&#8243; _module_preset=\u00bbdefault\u00bb global_colors_info=\u00bb{}\u00bb][dipi_advanced_tabs tab_animation=\u00bbfadeInLeftShort\u00bb dipi_animation_duration=\u00bb500&#8243; activate_on_hover=\u00bbon\u00bb use_sticky_tabs=\u00bboff\u00bb tabs_max_width=\u00bb100px\u00bb use_tabs_fullwidth_tablet=\u00bboff\u00bb tabs_min_width_tablet=\u00bb100px\u00bb tabs_max_width_tablet=\u00bb100px\u00bb use_tabs_fullwidth_phone=\u00bboff\u00bb tabs_min_width_phone=\u00bb100px\u00bb tabs_max_width_phone=\u00bb100px\u00bb tabs_container_width=\u00bb105px\u00bb tabs_placement_tablet=\u00bbcolumn\u00bb tabs_placement_phone=\u00bbcolumn\u00bb tabs_align=\u00bbcenter\u00bb tabs_container_padding=\u00bb20px|20px|20px|20px|false|false\u00bb tabs_container_margin=\u00bb0px|0px|0px|0px|false|false\u00bb tabs_item_margin=\u00bb0px|0px|10px|0px|false|false\u00bb tabs_active_item_padding=\u00bb10px|10px|10px|10px|false|false\u00bb tabs_active_item_margin=\u00bb0px|0px|10px|0px|false|false\u00bb content_vertical_align=\u00bbcenter\u00bb content_padding=\u00bb30px|60px|30px|30px|false|false\u00bb content_margin=\u00bb0px|0px|0px|0px|false|false\u00bb tabs_icon_padding=\u00bb13px|5px|11px|5px|false|false\u00bb tabs_text_padding_active=\u00bb5px|5px|0px|5px|false|true\u00bb tabs_icon_padding_active=\u00bb13px|5px|0px|5px|false|false\u00bb use_active_arrow=\u00bboff\u00bb content_bg_color=\u00bb#FFFFFF\u00bb tabs_bg_color=\u00bbRGBA(255,255,255,0)\u00bb tabs_item_bg_color=\u00bb#FFFFFF\u00bb tabs_item_active_bg_color=\u00bbRGBA(255,255,255,0)\u00bb navigation_color=\u00bb#F1B538&#8243; tabs_align_tablet=\u00bbcenter\u00bb tabs_align_phone=\u00bbcenter\u00bb tabs_align_last_edited=\u00bbon|phone\u00bb tabs_container_padding_tablet=\u00bb20px||20px||false|false\u00bb tabs_container_padding_phone=\u00bb20px|0px|20px|0px|false|false\u00bb tabs_container_padding_last_edited=\u00bbon|phone\u00bb tabs_item_padding_tablet=\u00bb\u00bb tabs_item_padding_phone=\u00bb8px|8px|8px|8px|false|false\u00bb tabs_item_padding_last_edited=\u00bbon|phone\u00bb tabs_item_margin_tablet=\u00bb0px|5px|10px|5px|false|false\u00bb tabs_item_margin_phone=\u00bb0px|5px|10px|5px|false|false\u00bb tabs_item_margin_last_edited=\u00bbon|tablet\u00bb tabs_active_item_padding_tablet=\u00bb\u00bb tabs_active_item_padding_phone=\u00bb8px|8px|8px|8px|false|false\u00bb tabs_active_item_padding_last_edited=\u00bbon|phone\u00bb tabs_active_item_margin_tablet=\u00bb0px|0px|10px|0px|false|false\u00bb tabs_active_item_margin_phone=\u00bb0px|5px|10px|5px|false|false\u00bb tabs_active_item_margin_last_edited=\u00bbon|phone\u00bb content_padding_tablet=\u00bb|40px||40px|false|false\u00bb content_padding_phone=\u00bb|20px||20px|false|false\u00bb content_padding_last_edited=\u00bbon|desktop\u00bb _builder_version=\u00bb4.27.4&#8243; _module_preset=\u00bbdefault\u00bb body_font=\u00bb||||||||\u00bb body_line_height=\u00bb1.8em\u00bb header_3_font=\u00bb|700|||||||\u00bb header_3_text_color=\u00bb#15022A\u00bb header_3_font_size=\u00bb30px\u00bb header_3_line_height=\u00bb1.6em\u00bb custom_margin=\u00bb||57px|||\u00bb hover_enabled=\u00bb0&#8243; border_radii_content_wrapper=\u00bbon|15px|15px|15px|15px\u00bb border_radii_tabs_wrapper=\u00bbon||||\u00bb border_width_all_tabs_wrapper=\u00bb0px\u00bb border_radii_tabs_item=\u00bbon|100px|100px|100px|100px\u00bb box_shadow_style_tabs_item_active=\u00bbpreset7&#8243; box_shadow_horizontal_tabs_item_active=\u00bb100px\u00bb box_shadow_vertical_tabs_item_active=\u00bb0px\u00bb box_shadow_color_tabs_item_active=\u00bb#F1B538&#8243; box_shadow_style_content_wrapper=\u00bbpreset1&#8243; box_shadow_blur_content_wrapper=\u00bb33px\u00bb box_shadow_color_content_wrapper=\u00bbrgba(68,0,153,0.09)\u00bb global_colors_info=\u00bb{}\u00bb tabs_max_width_last_edited=\u00bbon|phone\u00bb tabs_item_bg_color__hover_enabled=\u00bbon|desktop\u00bb tabs_item_bg_color__hover=\u00bb#FFFFFF\u00bb use_tabs_fullwidth=\u00bboff\u00bb sticky_enabled=\u00bb0&#8243;][dipi_advanced_tabs_item title=\u00bbMisi\u00f3n\u00bb admin_label=\u00bbOur Services\u00bb image=\u00bbhttps:\/\/tipalma.com\/wp-content\/uploads\/2024\/11\/JPG-Imagen-Tipalma-30.jpg\u00bb img_placement=\u00bbrow\u00bb img_container_width=\u00bb33%\u00bb image_margin=\u00bb10px|40px|10px|10px|false|false\u00bb icon_color=\u00bb#000000&#8243; icon_color_active=\u00bb#000000&#8243; tab_media=\u00bbicon\u00bb font_icon=\u00bb\uf5c0||fa||900&#8243; use_active_tab_icon=\u00bbon\u00bb font_icon_active=\u00bb\uf5c0||fa||900&#8243; tab_icon_placement=\u00bbtop\u00bb image_margin_tablet=\u00bb10px|10px|10px|10px|false|false\u00bb image_margin_phone=\u00bb||30px||false|false\u00bb image_margin_last_edited=\u00bbon|desktop\u00bb _builder_version=\u00bb4.27.4&#8243; _module_preset=\u00bbdefault\u00bb title_font=\u00bb|800|||||||\u00bb title_text_align=\u00bbcenter\u00bb title_font_size=\u00bb16px\u00bb custom_button=\u00bbon\u00bb button_text_size=\u00bb14px\u00bb button_bg_color=\u00bb#00ce4f\u00bb button_border_color=\u00bb#00ce4f\u00bb button_font=\u00bbMontserrat||||||||\u00bb button_use_icon=\u00bbon\u00bb button_icon=\u00bb&#xf36f;||fa||400&#8243; button_icon_placement=\u00bbleft\u00bb button_on_hover=\u00bboff\u00bb button_custom_margin=\u00bb20px||||false|false\u00bb button_custom_padding=\u00bb10px|20px|10px|40px|false|false\u00bb border_radii_image=\u00bbon|15px|15px|15px|15px\u00bb global_colors_info=\u00bb{}\u00bb button_border_color__hover_enabled=\u00bbon|desktop\u00bb button_border_color__hover=\u00bb#00ce4f\u00bb]<\/p>\n<h2><strong>Misi\u00f3n<\/strong><\/h2>\n<p style=\"font-weight: 400;\">Somos una empresa que brinda imagen, protecci\u00f3n, soluci\u00f3n y propuestas de mejora que permiten maximizar el valor agregado a los productos de nuestros clientes, ofreciendo excelente calidad e innovaci\u00f3n en nuestros dise\u00f1os, empleando avanzada tecnolog\u00eda que permite asegurar un servicio adecuado y eficaz, apoyado en el bienestar del personal, la protecci\u00f3n ambiental y la rentabilidad.<\/p>\n<p>[\/dipi_advanced_tabs_item][dipi_advanced_tabs_item title=\u00bbVisi\u00f3n \u00bb admin_label=\u00bbGet in touch\u00bb image=\u00bbhttps:\/\/tipalma.com\/wp-content\/uploads\/2024\/11\/JPG-Imagen-Tipalma-31.jpg\u00bb img_placement=\u00bbrow\u00bb img_container_width=\u00bb33%\u00bb image_margin=\u00bb10px|40px|10px|10px|false|false\u00bb icon_color=\u00bb#000000&#8243; icon_color_active=\u00bb#000000&#8243; tab_media=\u00bbicon\u00bb font_icon=\u00bb\uf201||fa||900&#8243; use_active_tab_icon=\u00bbon\u00bb font_icon_active=\u00bb\uf201||fa||900&#8243; tab_icon_placement=\u00bbtop\u00bb image_margin_tablet=\u00bb10px|10px|10px|10px|false|false\u00bb image_margin_phone=\u00bb||30px||false|false\u00bb image_margin_last_edited=\u00bbon|desktop\u00bb _builder_version=\u00bb4.27.3&#8243; _module_preset=\u00bbdefault\u00bb title_font=\u00bb|800|||||||\u00bb title_text_align=\u00bbcenter\u00bb title_font_size=\u00bb16px\u00bb custom_button=\u00bbon\u00bb button_text_size=\u00bb14px\u00bb button_bg_color=\u00bb#00ce4f\u00bb button_border_color=\u00bb#00ce4f\u00bb button_font=\u00bbMontserrat||||||||\u00bb button_use_icon=\u00bbon\u00bb button_icon=\u00bb&#xf36f;||fa||400&#8243; button_icon_placement=\u00bbleft\u00bb button_on_hover=\u00bboff\u00bb button_custom_margin=\u00bb20px||||false|false\u00bb button_custom_padding=\u00bb10px|20px|10px|40px|false|false\u00bb border_radii_image=\u00bbon|15px|15px|15px|15px\u00bb global_colors_info=\u00bb{}\u00bb button_border_color__hover=\u00bb#00ce4f\u00bb button_border_color__hover_enabled=\u00bbon|desktop\u00bb]<\/p>\n<h2><strong>Visi\u00f3n<\/strong><\/h2>\n<p>Ser la empresa preferida por su innovaci\u00f3n en la conservaci\u00f3n de los productos de nuestros clientes a trav\u00e9s de empaques sostenibles que aporten a la preservaci\u00f3n del planeta.<\/p>\n<p>[\/dipi_advanced_tabs_item][\/dipi_advanced_tabs][\/et_pb_column][\/et_pb_row][\/et_pb_section]<\/p>\n","protected":false},"excerpt":{"rendered":"<p>Acerca de nosotrosContamos con m\u00e1s de 56\u00a0a\u00f1os de permanencia en el mercado, ofreciendo a nuestros clientes un excelente servicio en dise\u00f1o y fabricaci\u00f3n de empaques. La experiencia adquirida durante estos a\u00f1os y la calidad humana de todo nuestro equipo nos ha permitido estar a la vanguardia y ser l\u00edderes en el mercado.\u00a0 Nos caracterizamos por [&hellip;]<\/p>\n","protected":false},"author":1,"featured_media":0,"parent":0,"menu_order":0,"comment_status":"closed","ping_status":"closed","template":"","meta":{"_acf_changed":false,"_seopress_robots_primary_cat":"","_seopress_titles_title":"Qui\u00e9nes Somos | Tipalma - Innovaci\u00f3n en Empaques","_seopress_titles_desc":"Conoce a Tipalma, l\u00edder en dise\u00f1o y fabricaci\u00f3n de empaques sostenibles y de alta calidad para diversas industrias.","_seopress_robots_index":"","_et_pb_use_builder":"on","_et_pb_old_content":"","_et_gb_content_width":"","footnotes":""},"dipi_cpt_category":[],"class_list":["post-711","page","type-page","status-publish","hentry"],"acf":[],"_links":{"self":[{"href":"https:\/\/tipalma.com\/en\/wp-json\/wp\/v2\/pages\/711","targetHints":{"allow":["GET"]}}],"collection":[{"href":"https:\/\/tipalma.com\/en\/wp-json\/wp\/v2\/pages"}],"about":[{"href":"https:\/\/tipalma.com\/en\/wp-json\/wp\/v2\/types\/page"}],"author":[{"embeddable":true,"href":"https:\/\/tipalma.com\/en\/wp-json\/wp\/v2\/users\/1"}],"replies":[{"embeddable":true,"href":"https:\/\/tipalma.com\/en\/wp-json\/wp\/v2\/comments?post=711"}],"version-history":[{"count":20,"href":"https:\/\/tipalma.com\/en\/wp-json\/wp\/v2\/pages\/711\/revisions"}],"predecessor-version":[{"id":22988551,"href":"https:\/\/tipalma.com\/en\/wp-json\/wp\/v2\/pages\/711\/revisions\/22988551"}],"wp:attachment":[{"href":"https:\/\/tipalma.com\/en\/wp-json\/wp\/v2\/media?parent=711"}],"wp:term":[{"taxonomy":"dipi_cpt_category","embeddable":true,"href":"https:\/\/tipalma.com\/en\/wp-json\/wp\/v2\/dipi_cpt_category?post=711"}],"curies":[{"name":"wp","href":"https:\/\/api.w.org\/{rel}","templated":true}]}}